{"id":8,"date":"2024-08-21T16:54:44","date_gmt":"2024-08-21T19:54:44","guid":{"rendered":"https:\/\/nutrigisellecastro.com.br\/?page_id=8"},"modified":"2024-08-21T17:29:53","modified_gmt":"2024-08-21T20:29:53","slug":"nutricionista-giselle-castro","status":"publish","type":"page","link":"https:\/\/nutrigisellecastro.com.br\/","title":{"rendered":"Nutricionista Giselle Castro"},"content":{"rendered":"\n<p>Descubra o caminho para uma vida mais leve e saud\u00e1vel com a Nutricionista Giselle Castro, sua aliada no emagrecimento definitivo e na conquista da qualidade de vida que voc\u00ea merece. <\/p>\n\n\n\n<p><\/p>\n\n\n<div class=\"wp-block-image is-style-rounded\">\n<figure class=\"alignleft size-large is-resized\"><img loading=\"lazy\" decoding=\"async\" width=\"768\" height=\"1024\" src=\"http:\/\/nutrigisellecastro.com.br\/wp-content\/uploads\/2024\/08\/00efa3a1-ac4f-4df6-8a09-0b427537e5ca-768x1024.jpg\" alt=\"Nutricionista Giselle Castro\" class=\"wp-image-10\" style=\"width:382px;height:auto\" srcset=\"https:\/\/nutrigisellecastro.com.br\/wp-content\/uploads\/2024\/08\/00efa3a1-ac4f-4df6-8a09-0b427537e5ca-768x1024.jpg 768w, https:\/\/nutrigisellecastro.com.br\/wp-content\/uploads\/2024\/08\/00efa3a1-ac4f-4df6-8a09-0b427537e5ca-225x300.jpg 225w, https:\/\/nutrigisellecastro.com.br\/wp-content\/uploads\/2024\/08\/00efa3a1-ac4f-4df6-8a09-0b427537e5ca-750x1000.jpg 750w, https:\/\/nutrigisellecastro.com.br\/wp-content\/uploads\/2024\/08\/00efa3a1-ac4f-4df6-8a09-0b427537e5ca.jpg 960w\" sizes=\"(max-width: 768px) 100vw, 768px\" \/><\/figure><\/div>\n\n\n<p><\/p>\n\n\n\n<p>Se voc\u00ea est\u00e1 cansada de lutar contra o efeito sanfona, se sente perdida na pr\u00e9-menopausa ou menopausa, ou se j\u00e1 passou por uma cirurgia bari\u00e1trica e enfrenta o desafio de manter o peso ideal, saiba que n\u00e3o est\u00e1 sozinha.<\/p>\n\n\n\n<p>Com uma abordagem focada no seu bem-estar f\u00edsico e emocional, eu vou te ajudar a identificar e superar os obst\u00e1culos que est\u00e3o impedindo voc\u00ea de alcan\u00e7ar seus objetivos. Chega de sofrer com dietas extremas ou abrir m\u00e3o de todas as suas comidas favoritas. Juntas, vamos criar um plano alimentar personalizado, adaptado \u00e0s suas necessidades e prefer\u00eancias, para que voc\u00ea possa alcan\u00e7ar resultados duradouros sem sacrif\u00edcios. Mas n\u00e3o se trata apenas de um plano alimentar e sim de uma mudan\u00e7a de hist\u00f3ria.<\/p>\n\n\n\n<p>N\u00e3o deixe que a frustra\u00e7\u00e3o e a falta de confian\u00e7a tomem conta da sua vida. D\u00ea o primeiro passo rumo a uma transforma\u00e7\u00e3o positiva e duradoura. Marque sua consulta hoje mesmo e descubra como \u00e9 poss\u00edvel ficar magra para sempre, com sa\u00fade e sem abrir m\u00e3o do prazer de comer. <\/p>\n\n\n\n<p>Sua jornada para uma vida mais leve e feliz come\u00e7a agora!<\/p>\n\n<div class=\"wp-block-image\">\n<figure class=\"aligncenter size-full\"><a href=\"https:\/\/api.whatsapp.com\/send\/?phone=5513996303990&amp;text&amp;type=phone_number&amp;app_absent=0\" target=\"_blank\" rel=\"noreferrer noopener\"><img loading=\"lazy\" decoding=\"async\" width=\"250\" height=\"60\" src=\"http:\/\/nutrigisellecastro.com.br\/wp-content\/uploads\/2024\/08\/botao.fw_.png\" alt=\"contato\" class=\"wp-image-20\"\/><\/a><\/figure><\/div>","protected":false},"excerpt":{"rendered":"<p>Descubra o caminho para uma vida mais leve e saud\u00e1vel com a Nutricionista Giselle Castro, sua aliada no emagrecimento definitivo e na conquista da qualidade de vida que voc\u00ea merece. Se voc\u00ea est\u00e1 cansada de lutar contra o efeito sanfona, se sente perdida na pr\u00e9-menopausa ou menopausa, ou se j\u00e1 passou por uma cirurgia bari\u00e1trica &hellip; <\/p>\n<p><a class=\"more-link btn\" href=\"https:\/\/nutrigisellecastro.com.br\/\">Continue lendo<\/a><\/p>\n","protected":false},"author":1,"featured_media":0,"parent":0,"menu_order":0,"comment_status":"closed","ping_status":"closed","template":"","meta":{"footnotes":""},"class_list":["post-8","page","type-page","status-publish","hentry","nodate","item-wrap"],"_links":{"self":[{"href":"https:\/\/nutrigisellecastro.com.br\/index.php?rest_route=\/wp\/v2\/pages\/8"}],"collection":[{"href":"https:\/\/nutrigisellecastro.com.br\/index.php?rest_route=\/wp\/v2\/pages"}],"about":[{"href":"https:\/\/nutrigisellecastro.com.br\/index.php?rest_route=\/wp\/v2\/types\/page"}],"author":[{"embeddable":true,"href":"https:\/\/nutrigisellecastro.com.br\/index.php?rest_route=\/wp\/v2\/users\/1"}],"replies":[{"embeddable":true,"href":"https:\/\/nutrigisellecastro.com.br\/index.php?rest_route=%2Fwp%2Fv2%2Fcomments&post=8"}],"version-history":[{"count":3,"href":"https:\/\/nutrigisellecastro.com.br\/index.php?rest_route=\/wp\/v2\/pages\/8\/revisions"}],"predecessor-version":[{"id":22,"href":"https:\/\/nutrigisellecastro.com.br\/index.php?rest_route=\/wp\/v2\/pages\/8\/revisions\/22"}],"wp:attachment":[{"href":"https:\/\/nutrigisellecastro.com.br\/index.php?rest_route=%2Fwp%2Fv2%2Fmedia&parent=8"}],"curies":[{"name":"wp","href":"https:\/\/api.w.org\/{rel}","templated":true}]}}